{"id":159,"date":"2021-01-30T12:14:44","date_gmt":"2021-01-30T11:14:44","guid":{"rendered":"http:\/\/www.monkeytrip.fr\/?page_id=159"},"modified":"2021-08-15T15:44:23","modified_gmt":"2021-08-15T13:44:23","slug":"destinations","status":"publish","type":"page","link":"https:\/\/www.monkeytrip.fr\/?page_id=159","title":{"rendered":"Destinations"},"content":{"rendered":"\t\t<div data-elementor-type=\"wp-page\" data-elementor-id=\"159\" class=\"elementor elementor-159\">\n\t\t\t\t\t\t<section class=\"elementor-section elementor-top-section elementor-element elementor-element-21fd4d47 elementor-section-boxed elementor-section-height-default elementor-section-height-default\" data-id=\"21fd4d47\" data-element_type=\"section\">\n\t\t\t\t\t\t<div class=\"elementor-container elementor-column-gap-default\">\n\t\t\t\t\t<div class=\"elementor-column elementor-col-100 elementor-top-column elementor-element elementor-element-7cda02f\" data-id=\"7cda02f\" data-element_type=\"column\">\n\t\t\t<div class=\"elementor-widget-wrap elementor-element-populated\">\n\t\t\t\t\t\t<div class=\"elementor-element elementor-element-52759e3a elementor-widget elementor-widget-heading\" data-id=\"52759e3a\" data-element_type=\"widget\" data-widget_type=\"heading.default\">\n\t\t\t\t<div class=\"elementor-widget-container\">\n\t\t\t<h2 class=\"elementor-heading-title elementor-size-default\">Nos destinations<\/h2>\t\t<\/div>\n\t\t\t\t<\/div>\n\t\t\t\t<div class=\"elementor-element elementor-element-ec3b72 elementor-widget elementor-widget-text-editor\" data-id=\"ec3b72\" data-element_type=\"widget\" data-widget_type=\"text-editor.default\">\n\t\t\t\t<div class=\"elementor-widget-container\">\n\t\t\t\t\t\t\t<p>D\u00e9couvrez tous les pays et villes travers\u00e9s lors de ce p\u00e9riple.<\/p>\t\t\t\t\t\t<\/div>\n\t\t\t\t<\/div>\n\t\t\t\t\t<\/div>\n\t\t<\/div>\n\t\t\t\t\t<\/div>\n\t\t<\/section>\n\t\t\t\t<div class=\"elementor-section elementor-top-section elementor-element elementor-element-56d95f6d elementor-section-full_width elementor-section-stretched elementor-section-height-default elementor-section-height-default\" data-id=\"56d95f6d\" data-element_type=\"section\" data-settings=\"{&quot;stretch_section&quot;:&quot;section-stretched&quot;}\">\n\t\t\t\t\t\t<div class=\"elementor-container elementor-column-gap-default\">\n\t\t\t\t\t<div class=\"elementor-column elementor-col-100 elementor-top-column elementor-element elementor-element-5080d3c3\" data-id=\"5080d3c3\" data-element_type=\"column\" data-settings=\"{&quot;background_background&quot;:&quot;classic&quot;}\">\n\t\t\t<div class=\"elementor-widget-wrap elementor-element-populated\">\n\t\t\t\t\t\t<div class=\"elementor-element elementor-element-23bd2a51 elementor-widget elementor-widget-elementskit-blog-posts\" data-id=\"23bd2a51\" data-element_type=\"widget\" data-widget_type=\"elementskit-blog-posts.default\">\n\t\t\t\t<div class=\"elementor-widget-container\">\n\t\t\t<div class=\"ekit-wid-con\" >        <div id=\"post-items--23bd2a51\" class=\"row post-items\">\n                    <div class=\"col-lg-4 col-md-6\">\n\n                                    <div class=\"elementskit-post-image-card\">\n                        <div class=\"elementskit-entry-header\">\n                                                            <a href=\"https:\/\/www.monkeytrip.fr\/?p=7562\" class=\"elementskit-entry-thumb\">\n                                    <img decoding=\"async\" src=\"https:\/\/www.monkeytrip.fr\/wp-content\/uploads\/2022\/12\/Vignette-carre.png\" alt=\"Les Etats-Unis\">\n                                <\/a><!-- .elementskit-entry-thumb END -->\n                                                            \n                            \n\t\t\t\t\t\t\t\t\t\t\t\t\t<\/div><!-- .elementskit-entry-header END -->\n\n\t\t\t\t\t\t<div class=\"elementskit-post-body \">\n\t\t\t\t\t\t\t\n\t\t\t\t\t\t\t\t\t\t\t\t\t\t\t\t\t\t\t\t\t\t\t\t\t\t\t\t<div class=\"post-meta-list\">\n\t\t\t\t\t\t\t\t\t\t\t\t\t\t\t\t\t\t\t\t\t\t\t\t\t\t\t\t\t\t\t\t<span class=\"meta-date\">\n\n\t\t\t\t\t\t\t\t\t\t<i aria-hidden=\"true\" class=\"icon icon-calendar3\"><\/i>\n\t\t\t\t\t\t\t\t\t\t<span class=\"meta-date-text\">\n\t\t\t\t\t\t\t\t\t\t\t13 d\u00e9cembre 2022\t\t\t\t\t\t\t\t\t\t<\/span>\n\t\t\t\t\t\t\t\t\t<\/span>\n\t\t\t\t\t\t\t\t\t\t\t\t\t\t\t\t\t\t\t\t\t\t\t\t\t\t\t\t\t\t\t\t\t\t\t\t\t<\/div>\n\t\t\t\t\t\t\t\t\t\t\t\t\t\n\t\t\t\t\t\t\t\t\n\t\t\t\t\t\t\t\t\t\t\t\t\t\t\t\t\t\t\t\t\t<h2 class=\"entry-title\">\n\t\t\t\t\t<a href=\"https:\/\/www.monkeytrip.fr\/?p=7562\">\n\t\t\t\t\t\tLes Etats-Unis\t\t\t\t\t<\/a>\n\t\t\t\t<\/h2>\n\t\t\t\t\t\t\t\t\t\t\t\t\t\t\t\t\t\t\t\t\t\t\t\t\t\t\t\t\t\t\t\t\t\t\t\t\t\t\t\t\t\t<p>A la recherche de la Wilderness<\/p>\n\t\t\t\t\t\t\t\t\t\t\t\t\t\t\t\t\t\t\t\t\t\t                                                    <\/div><!-- .elementskit-post-body END -->\n                    <\/div>\n                \n            <\/div>\n                    <div class=\"col-lg-4 col-md-6\">\n\n                                    <div class=\"elementskit-post-image-card\">\n                        <div class=\"elementskit-entry-header\">\n                                                            <a href=\"https:\/\/www.monkeytrip.fr\/?p=7338\" class=\"elementskit-entry-thumb\">\n                                    <img decoding=\"async\" src=\"https:\/\/www.monkeytrip.fr\/wp-content\/uploads\/2022\/09\/2A6A6304-1-scaled-e1663372112713-1024x1024.jpg\" alt=\"Le Canada\">\n                                <\/a><!-- .elementskit-entry-thumb END -->\n                                                            \n                            \n\t\t\t\t\t\t\t\t\t\t\t\t\t<\/div><!-- .elementskit-entry-header END -->\n\n\t\t\t\t\t\t<div class=\"elementskit-post-body \">\n\t\t\t\t\t\t\t\n\t\t\t\t\t\t\t\t\t\t\t\t\t\t\t\t\t\t\t\t\t\t\t\t\t\t\t\t<div class=\"post-meta-list\">\n\t\t\t\t\t\t\t\t\t\t\t\t\t\t\t\t\t\t\t\t\t\t\t\t\t\t\t\t\t\t\t\t<span class=\"meta-date\">\n\n\t\t\t\t\t\t\t\t\t\t<i aria-hidden=\"true\" class=\"icon icon-calendar3\"><\/i>\n\t\t\t\t\t\t\t\t\t\t<span class=\"meta-date-text\">\n\t\t\t\t\t\t\t\t\t\t\t8 septembre 2022\t\t\t\t\t\t\t\t\t\t<\/span>\n\t\t\t\t\t\t\t\t\t<\/span>\n\t\t\t\t\t\t\t\t\t\t\t\t\t\t\t\t\t\t\t\t\t\t\t\t\t\t\t\t\t\t\t\t\t\t\t\t\t<\/div>\n\t\t\t\t\t\t\t\t\t\t\t\t\t\n\t\t\t\t\t\t\t\t\n\t\t\t\t\t\t\t\t\t\t\t\t\t\t\t\t\t\t\t\t\t<h2 class=\"entry-title\">\n\t\t\t\t\t<a href=\"https:\/\/www.monkeytrip.fr\/?p=7338\">\n\t\t\t\t\t\tLe Canada\t\t\t\t\t<\/a>\n\t\t\t\t<\/h2>\n\t\t\t\t\t\t\t\t\t\t\t\t\t\t\t\t\t\t\t\t\t\t\t\t\t\t\t\t\t\t\t\t\t\t\t\t\t\t\t\t\t\t<p>A la d\u00e9couverte du Canada, d&rsquo;Halifax \u00e0 Vancouver !<\/p>\n\t\t\t\t\t\t\t\t\t\t\t\t\t\t\t\t\t\t\t\t\t\t                                                    <\/div><!-- .elementskit-post-body END -->\n                    <\/div>\n                \n            <\/div>\n                    <div class=\"col-lg-4 col-md-6\">\n\n                                    <div class=\"elementskit-post-image-card\">\n                        <div class=\"elementskit-entry-header\">\n                                                            <a href=\"https:\/\/www.monkeytrip.fr\/?p=6680\" class=\"elementskit-entry-thumb\">\n                                    <img decoding=\"async\" src=\"https:\/\/www.monkeytrip.fr\/wp-content\/uploads\/2021\/07\/1024X1024-france.png\" alt=\"La France\">\n                                <\/a><!-- .elementskit-entry-thumb END -->\n                                                            \n                            \n\t\t\t\t\t\t\t\t\t\t\t\t\t<\/div><!-- .elementskit-entry-header END -->\n\n\t\t\t\t\t\t<div class=\"elementskit-post-body \">\n\t\t\t\t\t\t\t\n\t\t\t\t\t\t\t\t\t\t\t\t\t\t\t\t\t\t\t\t\t\t\t\t\t\t\t\t<div class=\"post-meta-list\">\n\t\t\t\t\t\t\t\t\t\t\t\t\t\t\t\t\t\t\t\t\t\t\t\t\t\t\t\t\t\t\t\t<span class=\"meta-date\">\n\n\t\t\t\t\t\t\t\t\t\t<i aria-hidden=\"true\" class=\"icon icon-calendar3\"><\/i>\n\t\t\t\t\t\t\t\t\t\t<span class=\"meta-date-text\">\n\t\t\t\t\t\t\t\t\t\t\t25 juillet 2021\t\t\t\t\t\t\t\t\t\t<\/span>\n\t\t\t\t\t\t\t\t\t<\/span>\n\t\t\t\t\t\t\t\t\t\t\t\t\t\t\t\t\t\t\t\t\t\t\t\t\t\t\t\t\t\t\t\t\t\t\t\t\t<\/div>\n\t\t\t\t\t\t\t\t\t\t\t\t\t\n\t\t\t\t\t\t\t\t\n\t\t\t\t\t\t\t\t\t\t\t\t\t\t\t\t\t\t\t\t\t<h2 class=\"entry-title\">\n\t\t\t\t\t<a href=\"https:\/\/www.monkeytrip.fr\/?p=6680\">\n\t\t\t\t\t\tLa France\t\t\t\t\t<\/a>\n\t\t\t\t<\/h2>\n\t\t\t\t\t\t\t\t\t\t\t\t\t\t\t\t\t\t\t\t\t\t\t\t\t\t\t\t\t\t\t\t\t\t\t\t\t\t\t\t\t\t<p>Nos quelques spots de r\u00eave \u00e0 d\u00e9couvrir tout pr\u00e8s de chez vous !<\/p>\n\t\t\t\t\t\t\t\t\t\t\t\t\t\t\t\t\t\t\t\t\t\t                                                    <\/div><!-- .elementskit-post-body END -->\n                    <\/div>\n                \n            <\/div>\n                <\/div>\n       <\/div>\t\t<\/div>\n\t\t\t\t<\/div>\n\t\t\t\t\t<\/div>\n\t\t<\/div>\n\t\t\t\t\t<\/div>\n\t\t<\/div>\n\t\t\t\t<\/div>\n\t\t","protected":false},"excerpt":{"rendered":"<p>Nos destinations D\u00e9couvrez tous les pays et villes travers\u00e9s lors &hellip; <\/p>\n","protected":false},"author":1,"featured_media":0,"parent":0,"menu_order":0,"comment_status":"closed","ping_status":"closed","template":"","meta":{"pgc_meta":"","inline_featured_image":false,"footnotes":""},"class_list":["post-159","page","type-page","status-publish","hentry"],"pgc_meta":"","yoast_head":"<!-- This site is optimized with the Yoast SEO plugin v24.0 - https:\/\/yoast.com\/wordpress\/plugins\/seo\/ -->\n<title>Destinations - Monkey Trip<\/title>\n<meta name=\"robots\" content=\"index, follow, max-snippet:-1, max-image-preview:large, max-video-preview:-1\" \/>\n<link rel=\"canonical\" href=\"https:\/\/www.monkeytrip.fr\/?page_id=159\" \/>\n<meta property=\"og:locale\" content=\"fr_FR\" \/>\n<meta property=\"og:type\" content=\"article\" \/>\n<meta property=\"og:title\" content=\"Destinations - Monkey Trip\" \/>\n<meta property=\"og:description\" content=\"Nos destinations D\u00e9couvrez tous les pays et villes travers\u00e9s lors &hellip;\" \/>\n<meta property=\"og:url\" content=\"https:\/\/www.monkeytrip.fr\/?page_id=159\" \/>\n<meta property=\"og:site_name\" content=\"Monkey Trip\" \/>\n<meta property=\"article:modified_time\" content=\"2021-08-15T13:44:23+00:00\" \/>\n<meta property=\"og:image\" content=\"http:\/\/www.monkeytrip.fr\/wp-content\/uploads\/2021\/03\/jv15x2gs5f8-scaled-e1614760686574-1013x1024.jpg\" \/>\n<meta name=\"twitter:card\" content=\"summary_large_image\" \/>\n<meta name=\"twitter:label1\" content=\"Dur\u00e9e de lecture estim\u00e9e\" \/>\n\t<meta name=\"twitter:data1\" content=\"1 minute\" \/>\n<script type=\"application\/ld+json\" class=\"yoast-schema-graph\">{\"@context\":\"https:\/\/schema.org\",\"@graph\":[{\"@type\":\"WebPage\",\"@id\":\"https:\/\/www.monkeytrip.fr\/?page_id=159\",\"url\":\"https:\/\/www.monkeytrip.fr\/?page_id=159\",\"name\":\"Destinations - Monkey Trip\",\"isPartOf\":{\"@id\":\"https:\/\/www.monkeytrip.fr\/#website\"},\"primaryImageOfPage\":{\"@id\":\"https:\/\/www.monkeytrip.fr\/?page_id=159#primaryimage\"},\"image\":{\"@id\":\"https:\/\/www.monkeytrip.fr\/?page_id=159#primaryimage\"},\"thumbnailUrl\":\"http:\/\/www.monkeytrip.fr\/wp-content\/uploads\/2021\/03\/jv15x2gs5f8-scaled-e1614760686574-1013x1024.jpg\",\"datePublished\":\"2021-01-30T11:14:44+00:00\",\"dateModified\":\"2021-08-15T13:44:23+00:00\",\"breadcrumb\":{\"@id\":\"https:\/\/www.monkeytrip.fr\/?page_id=159#breadcrumb\"},\"inLanguage\":\"fr-FR\",\"potentialAction\":[{\"@type\":\"ReadAction\",\"target\":[\"https:\/\/www.monkeytrip.fr\/?page_id=159\"]}]},{\"@type\":\"ImageObject\",\"inLanguage\":\"fr-FR\",\"@id\":\"https:\/\/www.monkeytrip.fr\/?page_id=159#primaryimage\",\"url\":\"https:\/\/www.monkeytrip.fr\/wp-content\/uploads\/2021\/03\/jv15x2gs5f8-scaled-e1614760686574.jpg\",\"contentUrl\":\"https:\/\/www.monkeytrip.fr\/wp-content\/uploads\/2021\/03\/jv15x2gs5f8-scaled-e1614760686574.jpg\",\"width\":1703,\"height\":1721,\"caption\":\"person riding airplane photography\"},{\"@type\":\"BreadcrumbList\",\"@id\":\"https:\/\/www.monkeytrip.fr\/?page_id=159#breadcrumb\",\"itemListElement\":[{\"@type\":\"ListItem\",\"position\":1,\"name\":\"Accueil\",\"item\":\"https:\/\/www.monkeytrip.fr\/\"},{\"@type\":\"ListItem\",\"position\":2,\"name\":\"Destinations\"}]},{\"@type\":\"WebSite\",\"@id\":\"https:\/\/www.monkeytrip.fr\/#website\",\"url\":\"https:\/\/www.monkeytrip.fr\/\",\"name\":\"Monkey Trip\",\"description\":\"Totalement novice \ud83d\ude05 ! Nous nous lan\u00e7ons un d\u00e9fis: Partir autour du monde pour une dur\u00e9e ind\u00e9termin\u00e9, par la route, avec notre maison roulante! \ud83d\udc40\",\"publisher\":{\"@id\":\"https:\/\/www.monkeytrip.fr\/#organization\"},\"potentialAction\":[{\"@type\":\"SearchAction\",\"target\":{\"@type\":\"EntryPoint\",\"urlTemplate\":\"https:\/\/www.monkeytrip.fr\/?s={search_term_string}\"},\"query-input\":{\"@type\":\"PropertyValueSpecification\",\"valueRequired\":true,\"valueName\":\"search_term_string\"}}],\"inLanguage\":\"fr-FR\"},{\"@type\":\"Organization\",\"@id\":\"https:\/\/www.monkeytrip.fr\/#organization\",\"name\":\"Monkey trip\",\"url\":\"https:\/\/www.monkeytrip.fr\/\",\"logo\":{\"@type\":\"ImageObject\",\"inLanguage\":\"fr-FR\",\"@id\":\"https:\/\/www.monkeytrip.fr\/#\/schema\/logo\/image\/\",\"url\":\"http:\/\/www.monkeytrip.fr\/wp-content\/uploads\/2021\/04\/cropped-logo-monkey-trip.png\",\"contentUrl\":\"http:\/\/www.monkeytrip.fr\/wp-content\/uploads\/2021\/04\/cropped-logo-monkey-trip.png\",\"width\":512,\"height\":512,\"caption\":\"Monkey trip\"},\"image\":{\"@id\":\"https:\/\/www.monkeytrip.fr\/#\/schema\/logo\/image\/\"},\"sameAs\":[\"https:\/\/www.instagram.com\/monkeytrip.fr\/?hl=fr\",\"https:\/\/www.youtube.com\/channel\/UCHJTCJwXEtQCKBuPOGtcktQ\"]}]}<\/script>\n<!-- \/ Yoast SEO plugin. -->","yoast_head_json":{"title":"Destinations - Monkey Trip","robots":{"index":"index","follow":"follow","max-snippet":"max-snippet:-1","max-image-preview":"max-image-preview:large","max-video-preview":"max-video-preview:-1"},"canonical":"https:\/\/www.monkeytrip.fr\/?page_id=159","og_locale":"fr_FR","og_type":"article","og_title":"Destinations - Monkey Trip","og_description":"Nos destinations D\u00e9couvrez tous les pays et villes travers\u00e9s lors &hellip;","og_url":"https:\/\/www.monkeytrip.fr\/?page_id=159","og_site_name":"Monkey Trip","article_modified_time":"2021-08-15T13:44:23+00:00","og_image":[{"url":"http:\/\/www.monkeytrip.fr\/wp-content\/uploads\/2021\/03\/jv15x2gs5f8-scaled-e1614760686574-1013x1024.jpg","type":"","width":"","height":""}],"twitter_card":"summary_large_image","twitter_misc":{"Dur\u00e9e de lecture estim\u00e9e":"1 minute"},"schema":{"@context":"https:\/\/schema.org","@graph":[{"@type":"WebPage","@id":"https:\/\/www.monkeytrip.fr\/?page_id=159","url":"https:\/\/www.monkeytrip.fr\/?page_id=159","name":"Destinations - Monkey Trip","isPartOf":{"@id":"https:\/\/www.monkeytrip.fr\/#website"},"primaryImageOfPage":{"@id":"https:\/\/www.monkeytrip.fr\/?page_id=159#primaryimage"},"image":{"@id":"https:\/\/www.monkeytrip.fr\/?page_id=159#primaryimage"},"thumbnailUrl":"http:\/\/www.monkeytrip.fr\/wp-content\/uploads\/2021\/03\/jv15x2gs5f8-scaled-e1614760686574-1013x1024.jpg","datePublished":"2021-01-30T11:14:44+00:00","dateModified":"2021-08-15T13:44:23+00:00","breadcrumb":{"@id":"https:\/\/www.monkeytrip.fr\/?page_id=159#breadcrumb"},"inLanguage":"fr-FR","potentialAction":[{"@type":"ReadAction","target":["https:\/\/www.monkeytrip.fr\/?page_id=159"]}]},{"@type":"ImageObject","inLanguage":"fr-FR","@id":"https:\/\/www.monkeytrip.fr\/?page_id=159#primaryimage","url":"https:\/\/www.monkeytrip.fr\/wp-content\/uploads\/2021\/03\/jv15x2gs5f8-scaled-e1614760686574.jpg","contentUrl":"https:\/\/www.monkeytrip.fr\/wp-content\/uploads\/2021\/03\/jv15x2gs5f8-scaled-e1614760686574.jpg","width":1703,"height":1721,"caption":"person riding airplane photography"},{"@type":"BreadcrumbList","@id":"https:\/\/www.monkeytrip.fr\/?page_id=159#breadcrumb","itemListElement":[{"@type":"ListItem","position":1,"name":"Accueil","item":"https:\/\/www.monkeytrip.fr\/"},{"@type":"ListItem","position":2,"name":"Destinations"}]},{"@type":"WebSite","@id":"https:\/\/www.monkeytrip.fr\/#website","url":"https:\/\/www.monkeytrip.fr\/","name":"Monkey Trip","description":"Totalement novice \ud83d\ude05 ! Nous nous lan\u00e7ons un d\u00e9fis: Partir autour du monde pour une dur\u00e9e ind\u00e9termin\u00e9, par la route, avec notre maison roulante! \ud83d\udc40","publisher":{"@id":"https:\/\/www.monkeytrip.fr\/#organization"},"potentialAction":[{"@type":"SearchAction","target":{"@type":"EntryPoint","urlTemplate":"https:\/\/www.monkeytrip.fr\/?s={search_term_string}"},"query-input":{"@type":"PropertyValueSpecification","valueRequired":true,"valueName":"search_term_string"}}],"inLanguage":"fr-FR"},{"@type":"Organization","@id":"https:\/\/www.monkeytrip.fr\/#organization","name":"Monkey trip","url":"https:\/\/www.monkeytrip.fr\/","logo":{"@type":"ImageObject","inLanguage":"fr-FR","@id":"https:\/\/www.monkeytrip.fr\/#\/schema\/logo\/image\/","url":"http:\/\/www.monkeytrip.fr\/wp-content\/uploads\/2021\/04\/cropped-logo-monkey-trip.png","contentUrl":"http:\/\/www.monkeytrip.fr\/wp-content\/uploads\/2021\/04\/cropped-logo-monkey-trip.png","width":512,"height":512,"caption":"Monkey trip"},"image":{"@id":"https:\/\/www.monkeytrip.fr\/#\/schema\/logo\/image\/"},"sameAs":["https:\/\/www.instagram.com\/monkeytrip.fr\/?hl=fr","https:\/\/www.youtube.com\/channel\/UCHJTCJwXEtQCKBuPOGtcktQ"]}]}},"_links":{"self":[{"href":"https:\/\/www.monkeytrip.fr\/index.php?rest_route=\/wp\/v2\/pages\/159","targetHints":{"allow":["GET"]}}],"collection":[{"href":"https:\/\/www.monkeytrip.fr\/index.php?rest_route=\/wp\/v2\/pages"}],"about":[{"href":"https:\/\/www.monkeytrip.fr\/index.php?rest_route=\/wp\/v2\/types\/page"}],"author":[{"embeddable":true,"href":"https:\/\/www.monkeytrip.fr\/index.php?rest_route=\/wp\/v2\/users\/1"}],"replies":[{"embeddable":true,"href":"https:\/\/www.monkeytrip.fr\/index.php?rest_route=%2Fwp%2Fv2%2Fcomments&post=159"}],"version-history":[{"count":173,"href":"https:\/\/www.monkeytrip.fr\/index.php?rest_route=\/wp\/v2\/pages\/159\/revisions"}],"predecessor-version":[{"id":6943,"href":"https:\/\/www.monkeytrip.fr\/index.php?rest_route=\/wp\/v2\/pages\/159\/revisions\/6943"}],"wp:attachment":[{"href":"https:\/\/www.monkeytrip.fr\/index.php?rest_route=%2Fwp%2Fv2%2Fmedia&parent=159"}],"curies":[{"name":"wp","href":"https:\/\/api.w.org\/{rel}","templated":true}]}}