{"id":4147,"date":"2021-03-03T10:54:23","date_gmt":"2021-03-03T09:54:23","guid":{"rendered":"http:\/\/www.monkeytrip.fr\/?page_id=4147"},"modified":"2022-05-18T10:24:12","modified_gmt":"2022-05-18T08:24:12","slug":"projet","status":"publish","type":"page","link":"https:\/\/www.monkeytrip.fr\/?page_id=4147","title":{"rendered":"Projet"},"content":{"rendered":"\t\t<div data-elementor-type=\"wp-post\" data-elementor-id=\"4147\" class=\"elementor elementor-4147\">\n\t\t\t\t\t\t<section class=\"elementor-section elementor-top-section elementor-element elementor-element-c5c5534 elementor-section-full_width elementor-section-height-default elementor-section-height-default\" data-id=\"c5c5534\" data-element_type=\"section\">\n\t\t\t\t\t\t<div class=\"elementor-container elementor-column-gap-default\">\n\t\t\t\t\t<div class=\"elementor-column elementor-col-100 elementor-top-column elementor-element elementor-element-48cd9f8\" data-id=\"48cd9f8\" data-element_type=\"column\">\n\t\t\t<div class=\"elementor-widget-wrap elementor-element-populated\">\n\t\t\t\t\t\t<div class=\"elementor-element elementor-element-90c73c3 elementor-widget elementor-widget-image\" data-id=\"90c73c3\" data-element_type=\"widget\" data-widget_type=\"image.default\">\n\t\t\t\t<div class=\"elementor-widget-container\">\n\t\t\t\t\t\t\t\t\t\t\t\t\t<img fetchpriority=\"high\" decoding=\"async\" width=\"1920\" height=\"580\" src=\"https:\/\/www.monkeytrip.fr\/wp-content\/uploads\/2021\/06\/Capture-de\u0301cran-2021-06-01-a\u0300-15.42.31-1.png\" class=\"attachment-full size-full wp-image-5220\" alt=\"\" srcset=\"https:\/\/www.monkeytrip.fr\/wp-content\/uploads\/2021\/06\/Capture-de\u0301cran-2021-06-01-a\u0300-15.42.31-1.png 1920w, https:\/\/www.monkeytrip.fr\/wp-content\/uploads\/2021\/06\/Capture-de\u0301cran-2021-06-01-a\u0300-15.42.31-1-300x91.png 300w, https:\/\/www.monkeytrip.fr\/wp-content\/uploads\/2021\/06\/Capture-de\u0301cran-2021-06-01-a\u0300-15.42.31-1-1024x309.png 1024w, https:\/\/www.monkeytrip.fr\/wp-content\/uploads\/2021\/06\/Capture-de\u0301cran-2021-06-01-a\u0300-15.42.31-1-768x232.png 768w, https:\/\/www.monkeytrip.fr\/wp-content\/uploads\/2021\/06\/Capture-de\u0301cran-2021-06-01-a\u0300-15.42.31-1-1536x464.png 1536w, https:\/\/www.monkeytrip.fr\/wp-content\/uploads\/2021\/06\/Capture-de\u0301cran-2021-06-01-a\u0300-15.42.31-1-199x60.png 199w\" sizes=\"(max-width: 1920px) 100vw, 1920px\" \/>\t\t\t\t\t\t\t\t\t\t\t\t\t<\/div>\n\t\t\t\t<\/div>\n\t\t\t\t\t<\/div>\n\t\t<\/div>\n\t\t\t\t\t<\/div>\n\t\t<\/section>\n\t\t\t\t<section class=\"elementor-section elementor-top-section elementor-element elementor-element-070a607 elementor-section-boxed elementor-section-height-default elementor-section-height-default\" data-id=\"070a607\" data-element_type=\"section\">\n\t\t\t\t\t\t<div class=\"elementor-container elementor-column-gap-default\">\n\t\t\t\t\t<div class=\"elementor-column elementor-col-100 elementor-top-column elementor-element elementor-element-948213e\" data-id=\"948213e\" data-element_type=\"column\">\n\t\t\t<div class=\"elementor-widget-wrap elementor-element-populated\">\n\t\t\t\t\t<div class=\"elementor-background-overlay\"><\/div>\n\t\t\t\t\t\t<div class=\"elementor-element elementor-element-26dbad0 elementor-widget elementor-widget-heading\" data-id=\"26dbad0\" data-element_type=\"widget\" data-widget_type=\"heading.default\">\n\t\t\t\t<div class=\"elementor-widget-container\">\n\t\t\t<h2 class=\"elementor-heading-title elementor-size-default\">Notre projet<\/h2>\t\t<\/div>\n\t\t\t\t<\/div>\n\t\t\t\t<div class=\"elementor-element elementor-element-b2a7964 elementor-widget elementor-widget-heading\" data-id=\"b2a7964\" data-element_type=\"widget\" data-widget_type=\"heading.default\">\n\t\t\t\t<div class=\"elementor-widget-container\">\n\t\t\t<h2 class=\"elementor-heading-title elementor-size-default\">d\u00e9couvrir le monde<\/h2>\t\t<\/div>\n\t\t\t\t<\/div>\n\t\t\t\t<div class=\"elementor-element elementor-element-a49b8b0 elementor-widget elementor-widget-text-editor\" data-id=\"a49b8b0\" data-element_type=\"widget\" data-widget_type=\"text-editor.default\">\n\t\t\t\t<div class=\"elementor-widget-container\">\n\t\t\t\t\t\t\t<p>Crise de la trentaine + Coronavirus \u2026 On d\u00e9cide de tout quitter pour apprendre du monde qui nous entoure <img decoding=\"async\" class=\"emoji\" role=\"img\" draggable=\"false\" src=\"https:\/\/s.w.org\/images\/core\/emoji\/13.0.1\/svg\/1f62e.svg\" alt=\"\ud83d\ude2e\" \/> Tu es curieux et as envie de voyager avec nous ? On t\u2019embarque dans nos folles aventures et \u00e7a commence maintenant !\u00a0<\/p>\t\t\t\t\t\t<\/div>\n\t\t\t\t<\/div>\n\t\t\t\t\t<\/div>\n\t\t<\/div>\n\t\t\t\t\t<\/div>\n\t\t<\/section>\n\t\t\t\t<article class=\"elementor-section elementor-top-section elementor-element elementor-element-d289c00 elementor-section-content-top elementor-section-full_width elementor-section-stretched elementor-section-height-default elementor-section-height-default\" data-id=\"d289c00\" data-element_type=\"section\" data-settings=\"{&quot;stretch_section&quot;:&quot;section-stretched&quot;}\">\n\t\t\t\t\t\t<div class=\"elementor-container elementor-column-gap-wider\">\n\t\t\t\t\t<div class=\"elementor-column elementor-col-50 elementor-top-column elementor-element elementor-element-b039ff0\" data-id=\"b039ff0\" data-element_type=\"column\">\n\t\t\t<div class=\"elementor-widget-wrap elementor-element-populated\">\n\t\t\t\t\t\t<div class=\"elementor-element elementor-element-258f4e8 elementor-widget elementor-widget-image\" data-id=\"258f4e8\" data-element_type=\"widget\" data-widget_type=\"image.default\">\n\t\t\t\t<div class=\"elementor-widget-container\">\n\t\t\t\t\t\t\t\t\t\t\t\t\t<img decoding=\"async\" width=\"1080\" height=\"1080\" src=\"https:\/\/www.monkeytrip.fr\/wp-content\/uploads\/2021\/06\/Capture-de\u0301cran-2021-06-01-a\u0300-16.20.14.png\" class=\"attachment-full size-full wp-image-5226\" alt=\"\" srcset=\"https:\/\/www.monkeytrip.fr\/wp-content\/uploads\/2021\/06\/Capture-de\u0301cran-2021-06-01-a\u0300-16.20.14.png 1080w, https:\/\/www.monkeytrip.fr\/wp-content\/uploads\/2021\/06\/Capture-de\u0301cran-2021-06-01-a\u0300-16.20.14-300x300.png 300w, https:\/\/www.monkeytrip.fr\/wp-content\/uploads\/2021\/06\/Capture-de\u0301cran-2021-06-01-a\u0300-16.20.14-1024x1024.png 1024w, https:\/\/www.monkeytrip.fr\/wp-content\/uploads\/2021\/06\/Capture-de\u0301cran-2021-06-01-a\u0300-16.20.14-150x150.png 150w, https:\/\/www.monkeytrip.fr\/wp-content\/uploads\/2021\/06\/Capture-de\u0301cran-2021-06-01-a\u0300-16.20.14-768x768.png 768w, https:\/\/www.monkeytrip.fr\/wp-content\/uploads\/2021\/06\/Capture-de\u0301cran-2021-06-01-a\u0300-16.20.14-60x60.png 60w, https:\/\/www.monkeytrip.fr\/wp-content\/uploads\/2021\/06\/Capture-de\u0301cran-2021-06-01-a\u0300-16.20.14-468x468.png 468w\" sizes=\"(max-width: 1080px) 100vw, 1080px\" \/>\t\t\t\t\t\t\t\t\t\t\t\t\t<\/div>\n\t\t\t\t<\/div>\n\t\t\t\t\t<\/div>\n\t\t<\/div>\n\t\t\t\t<div class=\"elementor-column elementor-col-50 elementor-top-column elementor-element elementor-element-0624e52\" data-id=\"0624e52\" data-element_type=\"column\">\n\t\t\t<div class=\"elementor-widget-wrap elementor-element-populated\">\n\t\t\t\t\t\t<div class=\"elementor-element elementor-element-d2612e8 elementor-widget elementor-widget-heading\" data-id=\"d2612e8\" data-element_type=\"widget\" data-settings=\"{&quot;_animation&quot;:&quot;none&quot;}\" data-widget_type=\"heading.default\">\n\t\t\t\t<div class=\"elementor-widget-container\">\n\t\t\t<h2 class=\"elementor-heading-title elementor-size-default\">Qui sommes nous ?<\/h2>\t\t<\/div>\n\t\t\t\t<\/div>\n\t\t\t\t<div class=\"elementor-element elementor-element-1f31a30 elementor-hidden-tablet elementor-widget elementor-widget-text-editor\" data-id=\"1f31a30\" data-element_type=\"widget\" data-widget_type=\"text-editor.default\">\n\t\t\t\t<div class=\"elementor-widget-container\">\n\t\t\t\t\t\t\t<p><strong>Tout d&rsquo;abord on s&rsquo;excuse car jamais vous ne verrez de photos de nous \u00ab\u00a0passables\u00a0\u00bb ! Et oui, la photog\u00e9nie n&rsquo;est pas donn\u00e9e \u00e0 tout le monde haha <\/strong><\/p><p>\u00a0<\/p>\t\t\t\t\t\t<\/div>\n\t\t\t\t<\/div>\n\t\t\t\t<div class=\"elementor-element elementor-element-31635e0 elementor-widget elementor-widget-text-editor\" data-id=\"31635e0\" data-element_type=\"widget\" data-widget_type=\"text-editor.default\">\n\t\t\t\t<div class=\"elementor-widget-container\">\n\t\t\t\t\t\t\t<p><strong>Justine :<\/strong> Aventuri\u00e8re du dimanche &#8211;\u00a0Un sens de l\u2019orientation proche du n\u00e9ant et deux mains gauches mais un sourire ravageur \ud83d\ude01\u00a0<\/p><p><strong>Mickael :<\/strong> Macgyver de la d\u00e9brouille &#8211; Un sens aff\u00fbt\u00e9 de l\u2019\u00e9conomie d\u2019effort et une passion d\u00e9vorante pour des sujets plus improbables les uns que les autres \ud83e\udd14\u00a0<\/p>\t\t\t\t\t\t<\/div>\n\t\t\t\t<\/div>\n\t\t\t\t\t<\/div>\n\t\t<\/div>\n\t\t\t\t\t<\/div>\n\t\t<\/article>\n\t\t\t\t<article class=\"elementor-section elementor-top-section elementor-element elementor-element-2fbeb63 elementor-section-content-middle elementor-section-full_width elementor-section-stretched elementor-reverse-mobile elementor-section-height-default elementor-section-height-default\" data-id=\"2fbeb63\" data-element_type=\"section\" data-settings=\"{&quot;stretch_section&quot;:&quot;section-stretched&quot;}\">\n\t\t\t\t\t\t<div class=\"elementor-container elementor-column-gap-wider\">\n\t\t\t\t\t<div class=\"elementor-column elementor-col-50 elementor-top-column elementor-element elementor-element-e6e917a\" data-id=\"e6e917a\" data-element_type=\"column\">\n\t\t\t<div class=\"elementor-widget-wrap elementor-element-populated\">\n\t\t\t\t\t\t<div class=\"elementor-element elementor-element-3400bef elementor-widget elementor-widget-heading\" data-id=\"3400bef\" data-element_type=\"widget\" data-settings=\"{&quot;_animation&quot;:&quot;none&quot;}\" data-widget_type=\"heading.default\">\n\t\t\t\t<div class=\"elementor-widget-container\">\n\t\t\t<h2 class=\"elementor-heading-title elementor-size-default\">Qui est monkey ?<\/h2>\t\t<\/div>\n\t\t\t\t<\/div>\n\t\t\t\t<div class=\"elementor-element elementor-element-9b5cb60 elementor-widget elementor-widget-text-editor\" data-id=\"9b5cb60\" data-element_type=\"widget\" data-widget_type=\"text-editor.default\">\n\t\t\t\t<div class=\"elementor-widget-container\">\n\t\t\t\t\t\t\t<p>Notre <strong>Toyota Landcruiser HDJ100<\/strong>, compagnon et maison roulante nous permettant de r\u00e9aliser ce projet fou \ud83d\ude0d.<\/p><p>Un v\u00e9hicule <strong>tout terrain et un model tr\u00e8s r\u00e9pandu<\/strong> pour parer \u00e0 tous les impr\u00e9vus (ou presque) !<\/p><p>D\u00e9couvrez toutes nos reflexions sur ce choix de v\u00e9hicule <span style=\"text-decoration: underline;\"><a href=\"http:\/\/www.monkeytrip.fr\/?p=3648\">dans l&rsquo;article juste ici !<\/a><\/span><\/p>\t\t\t\t\t\t<\/div>\n\t\t\t\t<\/div>\n\t\t\t\t\t<\/div>\n\t\t<\/div>\n\t\t\t\t<div class=\"elementor-column elementor-col-50 elementor-top-column elementor-element elementor-element-210e82a\" data-id=\"210e82a\" data-element_type=\"column\">\n\t\t\t<div class=\"elementor-widget-wrap elementor-element-populated\">\n\t\t\t\t\t\t<div class=\"elementor-element elementor-element-07683c0 elementor-widget elementor-widget-image\" data-id=\"07683c0\" data-element_type=\"widget\" data-widget_type=\"image.default\">\n\t\t\t\t<div class=\"elementor-widget-container\">\n\t\t\t\t\t\t\t\t\t\t\t\t\t<img decoding=\"async\" width=\"720\" height=\"737\" src=\"https:\/\/www.monkeytrip.fr\/wp-content\/uploads\/2021\/01\/conseil1.png\" class=\"attachment-full size-full wp-image-5733\" alt=\"\" srcset=\"https:\/\/www.monkeytrip.fr\/wp-content\/uploads\/2021\/01\/conseil1.png 720w, https:\/\/www.monkeytrip.fr\/wp-content\/uploads\/2021\/01\/conseil1-293x300.png 293w, https:\/\/www.monkeytrip.fr\/wp-content\/uploads\/2021\/01\/conseil1-59x60.png 59w\" sizes=\"(max-width: 720px) 100vw, 720px\" \/>\t\t\t\t\t\t\t\t\t\t\t\t\t<\/div>\n\t\t\t\t<\/div>\n\t\t\t\t\t<\/div>\n\t\t<\/div>\n\t\t\t\t\t<\/div>\n\t\t<\/article>\n\t\t\t\t<section class=\"elementor-section elementor-top-section elementor-element elementor-element-8670dea elementor-section-boxed elementor-section-height-default elementor-section-height-default\" data-id=\"8670dea\" data-element_type=\"section\">\n\t\t\t\t\t\t<div class=\"elementor-container elementor-column-gap-default\">\n\t\t\t\t\t<div class=\"elementor-column elementor-col-100 elementor-top-column elementor-element elementor-element-7654793\" data-id=\"7654793\" data-element_type=\"column\">\n\t\t\t<div class=\"elementor-widget-wrap elementor-element-populated\">\n\t\t\t\t\t<div class=\"elementor-background-overlay\"><\/div>\n\t\t\t\t\t\t<div class=\"elementor-element elementor-element-8e9d08f elementor-widget elementor-widget-heading\" data-id=\"8e9d08f\" data-element_type=\"widget\" data-widget_type=\"heading.default\">\n\t\t\t\t<div class=\"elementor-widget-container\">\n\t\t\t<h2 class=\"elementor-heading-title elementor-size-default\">Prevoir l'impr\u00e9vu<\/h2>\t\t<\/div>\n\t\t\t\t<\/div>\n\t\t\t\t<div class=\"elementor-element elementor-element-a1bc02b elementor-widget elementor-widget-heading\" data-id=\"a1bc02b\" data-element_type=\"widget\" data-widget_type=\"heading.default\">\n\t\t\t\t<div class=\"elementor-widget-container\">\n\t\t\t<h2 class=\"elementor-heading-title elementor-size-default\">Notre destination<\/h2>\t\t<\/div>\n\t\t\t\t<\/div>\n\t\t\t\t<div class=\"elementor-element elementor-element-3a7df82 elementor-widget elementor-widget-text-editor\" data-id=\"3a7df82\" data-element_type=\"widget\" data-widget_type=\"text-editor.default\">\n\t\t\t\t<div class=\"elementor-widget-container\">\n\t\t\t\t\t\t\t<p>Apr\u00e8s moult et moult r\u00e9flexion\u2026 notre premi\u00e8re destination sera l\u2019AMERIQUE ! Nous partons pour le Canada d\u00e9but juillet. Notre objectif : rouler doucement vers l&rsquo;Amerique du sud pour d\u00e9couvrir tout le continent. Nous avons trac\u00e9 un d\u00e9but de trajet tr\u00e8s approximatif mais notre carte \u00e9voluera en fonction des futurs impr\u00e9vus du voyage <img decoding=\"async\" class=\"emoji\" role=\"img\" draggable=\"false\" src=\"https:\/\/s.w.org\/images\/core\/emoji\/13.0.1\/svg\/1f600.svg\" alt=\"\ud83d\ude00\" \/>\u00a0<\/p>\t\t\t\t\t\t<\/div>\n\t\t\t\t<\/div>\n\t\t\t\t\t<\/div>\n\t\t<\/div>\n\t\t\t\t\t<\/div>\n\t\t<\/section>\n\t\t\t\t<section class=\"elementor-section elementor-top-section elementor-element elementor-element-12f432a elementor-section-boxed elementor-section-height-default elementor-section-height-default\" data-id=\"12f432a\" data-element_type=\"section\">\n\t\t\t\t\t\t<div class=\"elementor-container elementor-column-gap-default\">\n\t\t\t\t\t<div class=\"elementor-column elementor-col-100 elementor-top-column elementor-element elementor-element-74eb4dd\" data-id=\"74eb4dd\" data-element_type=\"column\">\n\t\t\t<div class=\"elementor-widget-wrap elementor-element-populated\">\n\t\t\t\t\t\t<div class=\"elementor-element elementor-element-1ad8e77 elementor-widget elementor-widget-image\" data-id=\"1ad8e77\" data-element_type=\"widget\" data-widget_type=\"image.default\">\n\t\t\t\t<div class=\"elementor-widget-container\">\n\t\t\t\t\t\t\t\t\t\t\t\t\t<img loading=\"lazy\" decoding=\"async\" width=\"2196\" height=\"1494\" src=\"https:\/\/www.monkeytrip.fr\/wp-content\/uploads\/2022\/05\/Capture-de\u0301cran-2022-05-18-a\u0300-10.13.23.png\" class=\"elementor-animation-grow attachment-full size-full wp-image-6994\" alt=\"\" srcset=\"https:\/\/www.monkeytrip.fr\/wp-content\/uploads\/2022\/05\/Capture-de\u0301cran-2022-05-18-a\u0300-10.13.23.png 2196w, https:\/\/www.monkeytrip.fr\/wp-content\/uploads\/2022\/05\/Capture-de\u0301cran-2022-05-18-a\u0300-10.13.23-300x204.png 300w, https:\/\/www.monkeytrip.fr\/wp-content\/uploads\/2022\/05\/Capture-de\u0301cran-2022-05-18-a\u0300-10.13.23-1024x697.png 1024w, https:\/\/www.monkeytrip.fr\/wp-content\/uploads\/2022\/05\/Capture-de\u0301cran-2022-05-18-a\u0300-10.13.23-768x522.png 768w, https:\/\/www.monkeytrip.fr\/wp-content\/uploads\/2022\/05\/Capture-de\u0301cran-2022-05-18-a\u0300-10.13.23-1536x1045.png 1536w, https:\/\/www.monkeytrip.fr\/wp-content\/uploads\/2022\/05\/Capture-de\u0301cran-2022-05-18-a\u0300-10.13.23-2048x1393.png 2048w, https:\/\/www.monkeytrip.fr\/wp-content\/uploads\/2022\/05\/Capture-de\u0301cran-2022-05-18-a\u0300-10.13.23-88x60.png 88w\" sizes=\"(max-width: 2196px) 100vw, 2196px\" \/>\t\t\t\t\t\t\t\t\t\t\t\t\t<\/div>\n\t\t\t\t<\/div>\n\t\t\t\t\t<\/div>\n\t\t<\/div>\n\t\t\t\t\t<\/div>\n\t\t<\/section>\n\t\t\t\t<section class=\"elementor-section elementor-top-section elementor-element elementor-element-d75b899 elementor-section-boxed elementor-section-height-default elementor-section-height-default\" data-id=\"d75b899\" data-element_type=\"section\">\n\t\t\t\t\t\t<div class=\"elementor-container elementor-column-gap-default\">\n\t\t\t\t\t\t<\/div>\n\t\t<\/section>\n\t\t\t\t<section class=\"elementor-section elementor-top-section elementor-element elementor-element-9324e44 elementor-section-boxed elementor-section-height-default elementor-section-height-default\" data-id=\"9324e44\" data-element_type=\"section\">\n\t\t\t\t\t\t<div class=\"elementor-container elementor-column-gap-default\">\n\t\t\t\t\t<div class=\"elementor-column elementor-col-100 elementor-top-column elementor-element elementor-element-1444505\" data-id=\"1444505\" data-element_type=\"column\">\n\t\t\t<div class=\"elementor-widget-wrap\">\n\t\t\t\t\t\t\t<\/div>\n\t\t<\/div>\n\t\t\t\t\t<\/div>\n\t\t<\/section>\n\t\t\t\t<\/div>\n\t\t","protected":false},"excerpt":{"rendered":"<p>Notre projet d\u00e9couvrir le monde Crise de la trentaine + &hellip; <\/p>\n","protected":false},"author":1,"featured_media":0,"parent":0,"menu_order":0,"comment_status":"closed","ping_status":"closed","template":"","meta":{"pgc_meta":"","inline_featured_image":false,"footnotes":""},"class_list":["post-4147","page","type-page","status-publish","hentry"],"pgc_meta":"","yoast_head":"<!-- This site is optimized with the Yoast SEO plugin v24.0 - https:\/\/yoast.com\/wordpress\/plugins\/seo\/ -->\n<title>Projet - Monkey Trip<\/title>\n<meta name=\"robots\" content=\"index, follow, max-snippet:-1, max-image-preview:large, max-video-preview:-1\" \/>\n<link rel=\"canonical\" href=\"https:\/\/www.monkeytrip.fr\/?page_id=4147\" \/>\n<meta property=\"og:locale\" content=\"fr_FR\" \/>\n<meta property=\"og:type\" content=\"article\" \/>\n<meta property=\"og:title\" content=\"Projet - Monkey Trip\" \/>\n<meta property=\"og:description\" content=\"Notre projet d\u00e9couvrir le monde Crise de la trentaine + &hellip;\" \/>\n<meta property=\"og:url\" content=\"https:\/\/www.monkeytrip.fr\/?page_id=4147\" \/>\n<meta property=\"og:site_name\" content=\"Monkey Trip\" \/>\n<meta property=\"article:modified_time\" content=\"2022-05-18T08:24:12+00:00\" \/>\n<meta property=\"og:image\" content=\"https:\/\/s.w.org\/images\/core\/emoji\/13.0.1\/svg\/1f62e.svg\" \/>\n<meta name=\"twitter:card\" content=\"summary_large_image\" \/>\n<meta name=\"twitter:label1\" content=\"Dur\u00e9e de lecture estim\u00e9e\" \/>\n\t<meta name=\"twitter:data1\" content=\"3 minutes\" \/>\n<script type=\"application\/ld+json\" class=\"yoast-schema-graph\">{\"@context\":\"https:\/\/schema.org\",\"@graph\":[{\"@type\":\"WebPage\",\"@id\":\"https:\/\/www.monkeytrip.fr\/?page_id=4147\",\"url\":\"https:\/\/www.monkeytrip.fr\/?page_id=4147\",\"name\":\"Projet - Monkey Trip\",\"isPartOf\":{\"@id\":\"https:\/\/www.monkeytrip.fr\/#website\"},\"primaryImageOfPage\":{\"@id\":\"https:\/\/www.monkeytrip.fr\/?page_id=4147#primaryimage\"},\"image\":{\"@id\":\"https:\/\/www.monkeytrip.fr\/?page_id=4147#primaryimage\"},\"thumbnailUrl\":\"https:\/\/s.w.org\/images\/core\/emoji\/13.0.1\/svg\/1f62e.svg\",\"datePublished\":\"2021-03-03T09:54:23+00:00\",\"dateModified\":\"2022-05-18T08:24:12+00:00\",\"breadcrumb\":{\"@id\":\"https:\/\/www.monkeytrip.fr\/?page_id=4147#breadcrumb\"},\"inLanguage\":\"fr-FR\",\"potentialAction\":[{\"@type\":\"ReadAction\",\"target\":[\"https:\/\/www.monkeytrip.fr\/?page_id=4147\"]}]},{\"@type\":\"ImageObject\",\"inLanguage\":\"fr-FR\",\"@id\":\"https:\/\/www.monkeytrip.fr\/?page_id=4147#primaryimage\",\"url\":\"https:\/\/s.w.org\/images\/core\/emoji\/13.0.1\/svg\/1f62e.svg\",\"contentUrl\":\"https:\/\/s.w.org\/images\/core\/emoji\/13.0.1\/svg\/1f62e.svg\"},{\"@type\":\"BreadcrumbList\",\"@id\":\"https:\/\/www.monkeytrip.fr\/?page_id=4147#breadcrumb\",\"itemListElement\":[{\"@type\":\"ListItem\",\"position\":1,\"name\":\"Accueil\",\"item\":\"https:\/\/www.monkeytrip.fr\/\"},{\"@type\":\"ListItem\",\"position\":2,\"name\":\"Projet\"}]},{\"@type\":\"WebSite\",\"@id\":\"https:\/\/www.monkeytrip.fr\/#website\",\"url\":\"https:\/\/www.monkeytrip.fr\/\",\"name\":\"Monkey Trip\",\"description\":\"Totalement novice \ud83d\ude05 ! Nous nous lan\u00e7ons un d\u00e9fis: Partir autour du monde pour une dur\u00e9e ind\u00e9termin\u00e9, par la route, avec notre maison roulante! \ud83d\udc40\",\"publisher\":{\"@id\":\"https:\/\/www.monkeytrip.fr\/#organization\"},\"potentialAction\":[{\"@type\":\"SearchAction\",\"target\":{\"@type\":\"EntryPoint\",\"urlTemplate\":\"https:\/\/www.monkeytrip.fr\/?s={search_term_string}\"},\"query-input\":{\"@type\":\"PropertyValueSpecification\",\"valueRequired\":true,\"valueName\":\"search_term_string\"}}],\"inLanguage\":\"fr-FR\"},{\"@type\":\"Organization\",\"@id\":\"https:\/\/www.monkeytrip.fr\/#organization\",\"name\":\"Monkey trip\",\"url\":\"https:\/\/www.monkeytrip.fr\/\",\"logo\":{\"@type\":\"ImageObject\",\"inLanguage\":\"fr-FR\",\"@id\":\"https:\/\/www.monkeytrip.fr\/#\/schema\/logo\/image\/\",\"url\":\"http:\/\/www.monkeytrip.fr\/wp-content\/uploads\/2021\/04\/cropped-logo-monkey-trip.png\",\"contentUrl\":\"http:\/\/www.monkeytrip.fr\/wp-content\/uploads\/2021\/04\/cropped-logo-monkey-trip.png\",\"width\":512,\"height\":512,\"caption\":\"Monkey trip\"},\"image\":{\"@id\":\"https:\/\/www.monkeytrip.fr\/#\/schema\/logo\/image\/\"},\"sameAs\":[\"https:\/\/www.instagram.com\/monkeytrip.fr\/?hl=fr\",\"https:\/\/www.youtube.com\/channel\/UCHJTCJwXEtQCKBuPOGtcktQ\"]}]}<\/script>\n<!-- \/ Yoast SEO plugin. -->","yoast_head_json":{"title":"Projet - Monkey Trip","robots":{"index":"index","follow":"follow","max-snippet":"max-snippet:-1","max-image-preview":"max-image-preview:large","max-video-preview":"max-video-preview:-1"},"canonical":"https:\/\/www.monkeytrip.fr\/?page_id=4147","og_locale":"fr_FR","og_type":"article","og_title":"Projet - Monkey Trip","og_description":"Notre projet d\u00e9couvrir le monde Crise de la trentaine + &hellip;","og_url":"https:\/\/www.monkeytrip.fr\/?page_id=4147","og_site_name":"Monkey Trip","article_modified_time":"2022-05-18T08:24:12+00:00","og_image":[{"url":"https:\/\/s.w.org\/images\/core\/emoji\/13.0.1\/svg\/1f62e.svg","type":"","width":"","height":""}],"twitter_card":"summary_large_image","twitter_misc":{"Dur\u00e9e de lecture estim\u00e9e":"3 minutes"},"schema":{"@context":"https:\/\/schema.org","@graph":[{"@type":"WebPage","@id":"https:\/\/www.monkeytrip.fr\/?page_id=4147","url":"https:\/\/www.monkeytrip.fr\/?page_id=4147","name":"Projet - Monkey Trip","isPartOf":{"@id":"https:\/\/www.monkeytrip.fr\/#website"},"primaryImageOfPage":{"@id":"https:\/\/www.monkeytrip.fr\/?page_id=4147#primaryimage"},"image":{"@id":"https:\/\/www.monkeytrip.fr\/?page_id=4147#primaryimage"},"thumbnailUrl":"https:\/\/s.w.org\/images\/core\/emoji\/13.0.1\/svg\/1f62e.svg","datePublished":"2021-03-03T09:54:23+00:00","dateModified":"2022-05-18T08:24:12+00:00","breadcrumb":{"@id":"https:\/\/www.monkeytrip.fr\/?page_id=4147#breadcrumb"},"inLanguage":"fr-FR","potentialAction":[{"@type":"ReadAction","target":["https:\/\/www.monkeytrip.fr\/?page_id=4147"]}]},{"@type":"ImageObject","inLanguage":"fr-FR","@id":"https:\/\/www.monkeytrip.fr\/?page_id=4147#primaryimage","url":"https:\/\/s.w.org\/images\/core\/emoji\/13.0.1\/svg\/1f62e.svg","contentUrl":"https:\/\/s.w.org\/images\/core\/emoji\/13.0.1\/svg\/1f62e.svg"},{"@type":"BreadcrumbList","@id":"https:\/\/www.monkeytrip.fr\/?page_id=4147#breadcrumb","itemListElement":[{"@type":"ListItem","position":1,"name":"Accueil","item":"https:\/\/www.monkeytrip.fr\/"},{"@type":"ListItem","position":2,"name":"Projet"}]},{"@type":"WebSite","@id":"https:\/\/www.monkeytrip.fr\/#website","url":"https:\/\/www.monkeytrip.fr\/","name":"Monkey Trip","description":"Totalement novice \ud83d\ude05 ! Nous nous lan\u00e7ons un d\u00e9fis: Partir autour du monde pour une dur\u00e9e ind\u00e9termin\u00e9, par la route, avec notre maison roulante! \ud83d\udc40","publisher":{"@id":"https:\/\/www.monkeytrip.fr\/#organization"},"potentialAction":[{"@type":"SearchAction","target":{"@type":"EntryPoint","urlTemplate":"https:\/\/www.monkeytrip.fr\/?s={search_term_string}"},"query-input":{"@type":"PropertyValueSpecification","valueRequired":true,"valueName":"search_term_string"}}],"inLanguage":"fr-FR"},{"@type":"Organization","@id":"https:\/\/www.monkeytrip.fr\/#organization","name":"Monkey trip","url":"https:\/\/www.monkeytrip.fr\/","logo":{"@type":"ImageObject","inLanguage":"fr-FR","@id":"https:\/\/www.monkeytrip.fr\/#\/schema\/logo\/image\/","url":"http:\/\/www.monkeytrip.fr\/wp-content\/uploads\/2021\/04\/cropped-logo-monkey-trip.png","contentUrl":"http:\/\/www.monkeytrip.fr\/wp-content\/uploads\/2021\/04\/cropped-logo-monkey-trip.png","width":512,"height":512,"caption":"Monkey trip"},"image":{"@id":"https:\/\/www.monkeytrip.fr\/#\/schema\/logo\/image\/"},"sameAs":["https:\/\/www.instagram.com\/monkeytrip.fr\/?hl=fr","https:\/\/www.youtube.com\/channel\/UCHJTCJwXEtQCKBuPOGtcktQ"]}]}},"_links":{"self":[{"href":"https:\/\/www.monkeytrip.fr\/index.php?rest_route=\/wp\/v2\/pages\/4147","targetHints":{"allow":["GET"]}}],"collection":[{"href":"https:\/\/www.monkeytrip.fr\/index.php?rest_route=\/wp\/v2\/pages"}],"about":[{"href":"https:\/\/www.monkeytrip.fr\/index.php?rest_route=\/wp\/v2\/types\/page"}],"author":[{"embeddable":true,"href":"https:\/\/www.monkeytrip.fr\/index.php?rest_route=\/wp\/v2\/users\/1"}],"replies":[{"embeddable":true,"href":"https:\/\/www.monkeytrip.fr\/index.php?rest_route=%2Fwp%2Fv2%2Fcomments&post=4147"}],"version-history":[{"count":548,"href":"https:\/\/www.monkeytrip.fr\/index.php?rest_route=\/wp\/v2\/pages\/4147\/revisions"}],"predecessor-version":[{"id":7015,"href":"https:\/\/www.monkeytrip.fr\/index.php?rest_route=\/wp\/v2\/pages\/4147\/revisions\/7015"}],"wp:attachment":[{"href":"https:\/\/www.monkeytrip.fr\/index.php?rest_route=%2Fwp%2Fv2%2Fmedia&parent=4147"}],"curies":[{"name":"wp","href":"https:\/\/api.w.org\/{rel}","templated":true}]}}